{"id":4974,"date":"2026-02-07T12:35:54","date_gmt":"2026-02-07T11:35:54","guid":{"rendered":"https:\/\/pozdrowieniaai.pl\/?page_id=4974"},"modified":"2026-02-07T12:39:52","modified_gmt":"2026-02-07T11:39:52","slug":"formularz-kontaktowy","status":"publish","type":"page","link":"https:\/\/pozdrowieniaai.pl\/?page_id=4974","title":{"rendered":"Formularz Kontaktowy"},"content":{"rendered":"\n<div class=\"wpcf7 no-js\" id=\"wpcf7-f9-o1\" lang=\"pl-PL\" dir=\"ltr\" data-wpcf7-id=\"9\">\n<div class=\"screen-reader-response\"><p role=\"status\" aria-live=\"polite\" aria-atomic=\"true\"><\/p> <ul><\/ul><\/div>\n<form action=\"\/index.php?rest_route=%2Fwp%2Fv2%2Fpages%2F4974#wpcf7-f9-o1\" method=\"post\" class=\"wpcf7-form init\" aria-label=\"Formularz kontaktowy\" novalidate=\"novalidate\" data-status=\"init\">\n<fieldset class=\"hidden-fields-container\"><input type=\"hidden\" name=\"_wpcf7\" value=\"9\" \/><input type=\"hidden\" name=\"_wpcf7_version\" value=\"6.1.4\" \/><input type=\"hidden\" name=\"_wpcf7_locale\" value=\"pl_PL\" \/><input type=\"hidden\" name=\"_wpcf7_unit_tag\" value=\"wpcf7-f9-o1\" \/><input type=\"hidden\" name=\"_wpcf7_container_post\" value=\"0\" \/><input type=\"hidden\" name=\"_wpcf7_posted_data_hash\" value=\"\" \/>\n<\/fieldset>\n<div class=\"styled-contact-form\">\n    <div class=\"form-header\">\n        <h3>Napisz do mnie<\/h3>\n        <p>Masz pytanie? Ch\u0119tnie na nie odpowiem.<\/p>\n    <\/div>\n\n    <div class=\"input-wrapper\">\n        <i class=\"icon-user\"><\/i>\n        <span class=\"wpcf7-form-control-wrap\" data-name=\"your-name\"><input size=\"40\" maxlength=\"400\" class=\"wpcf7-form-control wpcf7-text wpcf7-validates-as-required\" aria-required=\"true\" aria-invalid=\"false\" placeholder=\"Imi\u0119 i Nazwisko\" value=\"\" type=\"text\" name=\"your-name\" \/><\/span>\n    <\/div>\n\n    <div class=\"input-wrapper\">\n        <i class=\"icon-envelope\"><\/i>\n        <span class=\"wpcf7-form-control-wrap\" data-name=\"your-email\"><input size=\"40\" maxlength=\"400\" class=\"wpcf7-form-control wpcf7-email wpcf7-validates-as-required wpcf7-text wpcf7-validates-as-email\" aria-required=\"true\" aria-invalid=\"false\" placeholder=\"Tw\u00f3j adres e-mail\" value=\"\" type=\"email\" name=\"your-email\" \/><\/span>\n    <\/div>\n\n    <div class=\"input-wrapper\">\n        <span class=\"wpcf7-form-control-wrap\" data-name=\"your-subject\"><select class=\"wpcf7-form-control wpcf7-select\" aria-invalid=\"false\" name=\"your-subject\"><option value=\"Wsp\u00f3\u0142praca\">Wsp\u00f3\u0142praca<\/option><option value=\"Pytanie og\u00f3lne\">Pytanie og\u00f3lne<\/option><option value=\"Oferta\">Oferta<\/option><option value=\"Inne\">Inne<\/option><\/select><\/span>\n    <\/div>\n\n    <div class=\"input-wrapper\">\n        <span class=\"wpcf7-form-control-wrap\" data-name=\"your-message\"><textarea cols=\"40\" rows=\"5\" maxlength=\"2000\" class=\"wpcf7-form-control wpcf7-textarea wpcf7-validates-as-required\" aria-required=\"true\" aria-invalid=\"false\" placeholder=\"W czym mog\u0119 Ci pom\u00f3c?\" name=\"your-message\"><\/textarea><\/span>\n    <\/div>\n\n    <div class=\"legal-acceptance\">\n        <span class=\"wpcf7-form-control-wrap\" data-name=\"acceptance-rodo\"><span class=\"wpcf7-form-control wpcf7-acceptance\"><span class=\"wpcf7-list-item\"><label><input type=\"checkbox\" name=\"acceptance-rodo\" value=\"1\" aria-invalid=\"false\" \/><span class=\"wpcf7-list-item-label\">Wyra\u017cam zgod\u0119 na przetwarzanie danych osobowych zgodnie z <a href=\"\/polityka-prywatnosci\">Polityk\u0105 Prywatno\u015bci<\/a>.<\/span><\/label><\/span><\/span><\/span>\n    <\/div>\n\n    <div class=\"button-wrapper\">\n        <input class=\"wpcf7-form-control wpcf7-submit has-spinner\" type=\"submit\" value=\"Wy\u015blij wiadomo\u015b\u0107\" \/>\n    <\/div>\n<\/div><div class=\"wpcf7-response-output\" aria-hidden=\"true\"><\/div>\n<\/form>\n<\/div>\n\n","protected":false},"excerpt":{"rendered":"","protected":false},"author":1,"featured_media":0,"parent":0,"menu_order":0,"comment_status":"closed","ping_status":"closed","template":"","meta":{"om_disable_all_campaigns":false,"_monsterinsights_skip_tracking":false,"_monsterinsights_sitenote_active":false,"_monsterinsights_sitenote_note":"","_monsterinsights_sitenote_category":0,"footnotes":""},"class_list":["post-4974","page","type-page","status-publish","hentry"],"_links":{"self":[{"href":"https:\/\/pozdrowieniaai.pl\/index.php?rest_route=\/wp\/v2\/pages\/4974","targetHints":{"allow":["GET"]}}],"collection":[{"href":"https:\/\/pozdrowieniaai.pl\/index.php?rest_route=\/wp\/v2\/pages"}],"about":[{"href":"https:\/\/pozdrowieniaai.pl\/index.php?rest_route=\/wp\/v2\/types\/page"}],"author":[{"embeddable":true,"href":"https:\/\/pozdrowieniaai.pl\/index.php?rest_route=\/wp\/v2\/users\/1"}],"replies":[{"embeddable":true,"href":"https:\/\/pozdrowieniaai.pl\/index.php?rest_route=%2Fwp%2Fv2%2Fcomments&post=4974"}],"version-history":[{"count":2,"href":"https:\/\/pozdrowieniaai.pl\/index.php?rest_route=\/wp\/v2\/pages\/4974\/revisions"}],"predecessor-version":[{"id":4976,"href":"https:\/\/pozdrowieniaai.pl\/index.php?rest_route=\/wp\/v2\/pages\/4974\/revisions\/4976"}],"wp:attachment":[{"href":"https:\/\/pozdrowieniaai.pl\/index.php?rest_route=%2Fwp%2Fv2%2Fmedia&parent=4974"}],"curies":[{"name":"wp","href":"https:\/\/api.w.org\/{rel}","templated":true}]}}